{"id":9069,"date":"2019-11-11T17:18:16","date_gmt":"2019-11-11T16:18:16","guid":{"rendered":"https:\/\/ecolededesign.fr\/mentions-legales\/"},"modified":"2020-10-02T10:55:45","modified_gmt":"2020-10-02T08:55:45","slug":"legale-notices","status":"publish","type":"page","link":"https:\/\/ecolededesign.fr\/en\/legale-notices\/","title":{"rendered":"Legale notices"},"content":{"rendered":"\n<p>Le pr\u00e9sent site internet et l\u2019ensemble de son contenu, y compris textes, images fixes ou anim\u00e9es, vid\u00e9os, sont la propri\u00e9t\u00e9 exclusive de l\u2019Ecole Sup\u00e9rieure de Design de Troyes appartenant au Groupe ESC Troyes. Le simple fait d\u2019acc\u00e9der \u00e0 l\u2019un de nos sites implique que vous acceptiez sans r\u00e9serve les termes et conditions d\u00e9finies dans la pr\u00e9sente notice l\u00e9gale et que vous vous engagiez \u00e0 la respecter.<\/p>\n\n\n\n<p><strong>CONCEPTION<br><\/strong>Les Grands Discrets<br><a href=\"http:\/\/lesgrandsdiscrets.fr\/\">http:\/\/lesgrandsdiscrets.fr\/<\/a><br>51100 Reims<\/p>\n\n\n\n<p><strong>DEVELOPPEMENT<br><\/strong>Les Grands Discrets<br>51100 Reims<\/p>\n\n\n\n<p><strong>RESPONSABILIT\u00c9<br><\/strong>L\u2019ensemble des informations accessibles via ce site sont fournies en l\u2019\u00e9tat. L\u2019Ecole Sup\u00e9rieure de Design de Troyes ne donne aucune garantie, explicite ou implicite, et n\u2019assume aucune responsabilit\u00e9 relative \u00e0 l\u2019utilisation de ces informations. L\u2019Ecole Sup\u00e9rieure de Design de Troyes n\u2019est pas responsable ni de l\u2019exactitude, ni des erreurs, ni des omissions contenues sur ce site. L\u2019utilisateur est seul responsable de l\u2019utilisation de telles informations. L\u2019Ecole Sup\u00e9rieure de Design de Troyes se r\u00e9serve le droit de modifier \u00e0 tout moment les pr\u00e9sentes notamment en actualisant ce site. Le site de l\u2019Ecole Sup\u00e9rieure de Design de Troyes ne pourra \u00eatre responsable pour quel que dommage que ce soit tant direct qu\u2019indirect, r\u00e9sultant d\u2019une information contenue sur ce site. L\u2019utilisateur s\u2019engage \u00e0 ne transmettre sur ce site aucune information pouvant entra\u00eener une responsabilit\u00e9 civile ou p\u00e9nale, et s\u2019engage \u00e0 ce titre, \u00e0 ne pas divulguer via ce site des informations ill\u00e9gales, contraires \u00e0 l\u2019ordre public ou diffamatoires. Les sites ext\u00e9rieurs ayant un lien hypertexte avec le pr\u00e9sent site ne sont pas sous contr\u00f4le de l\u2019Ecole Sup\u00e9rieure de Design de Troyes qui d\u00e9cline par cons\u00e9quent toute responsabilit\u00e9 quant \u00e0 leur contenu. L\u2019utilisateur est seul responsable de leur utilisation.<\/p>\n\n\n\n<p><strong>LIENS VERS DES SITES TIERS<br><\/strong>Les sites cibles appel\u00e9s par des liens qui vous font quitter le site de l\u2019Ecole Sup\u00e9rieure de Design de Troyes ne sont pas sous le contr\u00f4le de l\u2019Ecole Sup\u00e9rieure de Design de Troyes et nous ne sommes pas responsables du contenu de ces sites et des liens qu\u2019ils contiennent. Nous ne prenons aucun engagement quant \u00e0 la validit\u00e9 de ces liens. De la m\u00eame fa\u00e7on, l\u2019Ecole Sup\u00e9rieure de Design de Troyes, au travers de ces supports, ne peut \u00eatre incrimin\u00e9e en cas d\u2019infection par des virus, chevaux de Troie ou autres, via des sites auxquels il est fait r\u00e9f\u00e9rence.<\/p>\n\n\n\n<p><strong>EXERCICE DU DROIT D\u2019ACC\u00c8S<br><\/strong>Conform\u00e9ment \u00e0 l\u2019article 34 de la Loi Informatique et Libert\u00e9s, vous disposez d\u2019un droit d\u2019acc\u00e8s, de modification, de rectification et de suppression des donn\u00e9es qui vous concernent. Pour exercer ce droit d\u2019acc\u00e8s, adressez-vous \u00e0 cnil@get-mail.fr. Pour plus d\u2019informations sur la loi Informatique et Libert\u00e9s, vous pouvez consulter le site internet de la CNIL.<\/p>\n\n\n\n<p><strong>CONTENU DU SITE DU GROUPE ESC TROYES<br><\/strong>Sauf autorisation explicite du Directeur G\u00e9n\u00e9ral de l\u2019Ecole Sup\u00e9rieure de Design de Troyes, tout contenu disponible \u00e0 partir des sites de l\u2019Ecole Sup\u00e9rieure de Design de Troyes est prot\u00e9g\u00e9 par les droits d\u2019auteur. Toute reproduction ou redistribution, totale ou partielle, du contenu sont express\u00e9ment prohib\u00e9es par la loi. Toute personne ne respectant pas les dispositions l\u00e9gales applicables se rend coupable du d\u00e9lit de contrefa\u00e7on et est passible des sanctions p\u00e9nales pr\u00e9vues par la loi. Les marques et logos figurants sur ce site sont des marques d\u00e9pos\u00e9es par l\u2019Ecole Sup\u00e9rieure de Design de Troyes. Leur mention n\u2019accorde en aucune mani\u00e8re une licence ou un droit d\u2019utilisation quelconque desdites marques, qui ne peuvent donc \u00eatre utilis\u00e9es sans le consentement pr\u00e9alable et \u00e9crit du propri\u00e9taire de la marque sous peine de contrefa\u00e7on.<\/p>\n\n\n\n<p><strong>DONN\u00c9ES PERSONNELLES<br><\/strong>Conform\u00e9ment \u00e0 la loi n\u00b0 78-17 du 6 janvier 1978, relative \u00e0 l\u2019informatique, aux fichiers et aux libert\u00e9s (dite \u00ab Informatique et Libert\u00e9s \u00bb), ce site a fait l\u2019objet d\u2019une d\u00e9claration \u00e0 la CNIL (d\u00e9claration n\u00b0 1146494). Les donn\u00e9es personnelles collect\u00e9es sur ce site sont uniquement destin\u00e9es \u00e0 usage interne. En aucun cas elles ne sont c\u00e9d\u00e9es ou vendues \u00e0 des tiers.<\/p>\n\n\n\n<p><strong>COOKIES<br><\/strong>Les \u00ab cookies \u00bb sont des fichiers texte de petite taille que l\u2019administrateur d\u2019un serveur installe sur votre ordinateur et qui permettent de m\u00e9moriser des donn\u00e9es relatives \u00e0 l\u2019internaute lorsque celui-ci se connecte au site. Le site de l\u2019Ecole Sup\u00e9rieure de Design de Troyes utilise les \u00ab cookies \u00bb uniquement afin de m\u00e9moriser des informations destin\u00e9es \u00e0 faciliter votre navigation. Il ne s\u2019agit en aucun cas de m\u00e9moriser des donn\u00e9es personnelles vous concernant. Ce nom n\u2019est nullement associ\u00e9 \u00e0 aucune autre donn\u00e9e personnelle vous concernant. C\u2019est donc un outil destin\u00e9 \u00e0 faciliter la consultation du site, qui vous permet de choisir une apparence et de conserver votre choix pour vos futures visites. Sans ce \u00ab cookie \u00bb votre choix n\u2019est pas m\u00e9moris\u00e9. Le site de l\u2019Ecole Sup\u00e9rieure de Design de Troyes peut \u00eatre amen\u00e9 \u00e0 installer d\u2019autres \u00ab cookies \u00bb de ce type, et de ce type uniquement. La dur\u00e9e de vie de ce \u00ab cookie \u00bb est de 3 mois.<\/p>\n\n\n\n<p><strong>COPYRIGHT<\/strong><br><a href=\"http:\/\/www.olivierfrajman.com\/\">Olivier Frajman<\/a><br><a href=\"http:\/\/www.sylvain-photographie.com\/\">Sylvain Brodier<\/a><br><a href=\"https:\/\/www.linkedin.com\/in\/julie-bassonville-634644169\/\">Julie Bassonville<\/a><br>Ecole Sup\u00e9rieure de Design de Troyes<br><a href=\"https:\/\/www.ville-troyes.fr\/\">Ville de Troyes<br><\/a><\/p>\n","protected":false},"excerpt":{"rendered":"<p>Le pr\u00e9sent site internet et l\u2019ensemble de son contenu, y compris textes, images fixes ou anim\u00e9es, vid\u00e9os, sont la propri\u00e9t\u00e9 exclusive de l\u2019Ecole Sup\u00e9rieure de Design de Troyes appartenant au Groupe ESC Troyes. Le simple fait d\u2019acc\u00e9der \u00e0 l\u2019un de nos sites implique que vous acceptiez sans r\u00e9serve les termes et conditions d\u00e9finies dans la [&hellip;]<\/p>\n","protected":false},"author":1,"featured_media":0,"parent":0,"menu_order":0,"comment_status":"closed","ping_status":"closed","template":"tpl-mentions-legales.php","meta":{"_acf_changed":false,"_editorskit_title_hidden":false,"_editorskit_reading_time":0,"_editorskit_is_block_options_detached":false,"_editorskit_block_options_position":"{}","footnotes":""},"class_list":["post-9069","page","type-page","status-publish","hentry"],"acf":[],"yoast_head":"<!-- This site is optimized with the Yoast SEO plugin v26.4 - https:\/\/yoast.com\/wordpress\/plugins\/seo\/ -->\n<title>Legale notices - Ecole de design - Ecole Sup\u00e9rieure de Design de Troyes<\/title>\n<meta name=\"robots\" content=\"index, follow, max-snippet:-1, max-image-preview:large, max-video-preview:-1\" \/>\n<link rel=\"canonical\" href=\"https:\/\/ecolededesign.fr\/en\/legale-notices\/\" \/>\n<meta property=\"og:locale\" content=\"en_US\" \/>\n<meta property=\"og:type\" content=\"article\" \/>\n<meta property=\"og:title\" content=\"Legale notices - Ecole de design - Ecole Sup\u00e9rieure de Design de Troyes\" \/>\n<meta property=\"og:description\" content=\"Le pr\u00e9sent site internet et l\u2019ensemble de son contenu, y compris textes, images fixes ou anim\u00e9es, vid\u00e9os, sont la propri\u00e9t\u00e9 exclusive de l\u2019Ecole Sup\u00e9rieure de Design de Troyes appartenant au Groupe ESC Troyes. Le simple fait d\u2019acc\u00e9der \u00e0 l\u2019un de nos sites implique que vous acceptiez sans r\u00e9serve les termes et conditions d\u00e9finies dans la [&hellip;]\" \/>\n<meta property=\"og:url\" content=\"https:\/\/ecolededesign.fr\/en\/legale-notices\/\" \/>\n<meta property=\"og:site_name\" content=\"Ecole de design - Ecole Sup\u00e9rieure de Design de Troyes\" \/>\n<meta property=\"article:publisher\" content=\"https:\/\/www.facebook.com\/ecolesuperieuredesigntroyes\/\" \/>\n<meta property=\"article:modified_time\" content=\"2020-10-02T08:55:45+00:00\" \/>\n<meta property=\"og:image\" content=\"https:\/\/ecolededesign.fr\/wp-content\/uploads\/2019\/11\/visuel-rs.jpg\" \/>\n\t<meta property=\"og:image:width\" content=\"1200\" \/>\n\t<meta property=\"og:image:height\" content=\"630\" \/>\n\t<meta property=\"og:image:type\" content=\"image\/jpeg\" \/>\n<meta name=\"twitter:card\" content=\"summary_large_image\" \/>\n<meta name=\"twitter:label1\" content=\"Est. reading time\" \/>\n\t<meta name=\"twitter:data1\" content=\"5 minutes\" \/>\n<script type=\"application\/ld+json\" class=\"yoast-schema-graph\">{\"@context\":\"https:\/\/schema.org\",\"@graph\":[{\"@type\":\"WebPage\",\"@id\":\"https:\/\/ecolededesign.fr\/en\/legale-notices\/\",\"url\":\"https:\/\/ecolededesign.fr\/en\/legale-notices\/\",\"name\":\"Legale notices - Ecole de design - Ecole Sup\u00e9rieure de Design de Troyes\",\"isPartOf\":{\"@id\":\"https:\/\/ecolededesign.fr\/en\/#website\"},\"datePublished\":\"2019-11-11T16:18:16+00:00\",\"dateModified\":\"2020-10-02T08:55:45+00:00\",\"breadcrumb\":{\"@id\":\"https:\/\/ecolededesign.fr\/en\/legale-notices\/#breadcrumb\"},\"inLanguage\":\"en-US\",\"potentialAction\":[{\"@type\":\"ReadAction\",\"target\":[\"https:\/\/ecolededesign.fr\/en\/legale-notices\/\"]}]},{\"@type\":\"BreadcrumbList\",\"@id\":\"https:\/\/ecolededesign.fr\/en\/legale-notices\/#breadcrumb\",\"itemListElement\":[{\"@type\":\"ListItem\",\"position\":1,\"name\":\"Home\",\"item\":\"https:\/\/ecolededesign.fr\/en\/\"},{\"@type\":\"ListItem\",\"position\":2,\"name\":\"Legale notices\"}]},{\"@type\":\"WebSite\",\"@id\":\"https:\/\/ecolededesign.fr\/en\/#website\",\"url\":\"https:\/\/ecolededesign.fr\/en\/\",\"name\":\"Ecole de design - Ecole Sup\u00e9rieure de Design de Troyes\",\"description\":\"Devenir designer\",\"publisher\":{\"@id\":\"https:\/\/ecolededesign.fr\/en\/#organization\"},\"potentialAction\":[{\"@type\":\"SearchAction\",\"target\":{\"@type\":\"EntryPoint\",\"urlTemplate\":\"https:\/\/ecolededesign.fr\/en\/?s={search_term_string}\"},\"query-input\":{\"@type\":\"PropertyValueSpecification\",\"valueRequired\":true,\"valueName\":\"search_term_string\"}}],\"inLanguage\":\"en-US\"},{\"@type\":\"Organization\",\"@id\":\"https:\/\/ecolededesign.fr\/en\/#organization\",\"name\":\"Ecole Sup\u00e9rieur de Design\",\"url\":\"https:\/\/ecolededesign.fr\/en\/\",\"logo\":{\"@type\":\"ImageObject\",\"inLanguage\":\"en-US\",\"@id\":\"https:\/\/ecolededesign.fr\/en\/#\/schema\/logo\/image\/\",\"url\":\"https:\/\/ecolededesign.fr\/wp-content\/uploads\/2019\/11\/logo-ecole-design-full@2x.png\",\"contentUrl\":\"https:\/\/ecolededesign.fr\/wp-content\/uploads\/2019\/11\/logo-ecole-design-full@2x.png\",\"width\":364,\"height\":208,\"caption\":\"Ecole Sup\u00e9rieur de Design\"},\"image\":{\"@id\":\"https:\/\/ecolededesign.fr\/en\/#\/schema\/logo\/image\/\"},\"sameAs\":[\"https:\/\/www.facebook.com\/ecolesuperieuredesigntroyes\/\"]}]}<\/script>\n<!-- \/ Yoast SEO plugin. -->","yoast_head_json":{"title":"Legale notices - Ecole de design - Ecole Sup\u00e9rieure de Design de Troyes","robots":{"index":"index","follow":"follow","max-snippet":"max-snippet:-1","max-image-preview":"max-image-preview:large","max-video-preview":"max-video-preview:-1"},"canonical":"https:\/\/ecolededesign.fr\/en\/legale-notices\/","og_locale":"en_US","og_type":"article","og_title":"Legale notices - Ecole de design - Ecole Sup\u00e9rieure de Design de Troyes","og_description":"Le pr\u00e9sent site internet et l\u2019ensemble de son contenu, y compris textes, images fixes ou anim\u00e9es, vid\u00e9os, sont la propri\u00e9t\u00e9 exclusive de l\u2019Ecole Sup\u00e9rieure de Design de Troyes appartenant au Groupe ESC Troyes. Le simple fait d\u2019acc\u00e9der \u00e0 l\u2019un de nos sites implique que vous acceptiez sans r\u00e9serve les termes et conditions d\u00e9finies dans la [&hellip;]","og_url":"https:\/\/ecolededesign.fr\/en\/legale-notices\/","og_site_name":"Ecole de design - Ecole Sup\u00e9rieure de Design de Troyes","article_publisher":"https:\/\/www.facebook.com\/ecolesuperieuredesigntroyes\/","article_modified_time":"2020-10-02T08:55:45+00:00","og_image":[{"width":1200,"height":630,"url":"https:\/\/ecolededesign.fr\/wp-content\/uploads\/2019\/11\/visuel-rs.jpg","type":"image\/jpeg"}],"twitter_card":"summary_large_image","twitter_misc":{"Est. reading time":"5 minutes"},"schema":{"@context":"https:\/\/schema.org","@graph":[{"@type":"WebPage","@id":"https:\/\/ecolededesign.fr\/en\/legale-notices\/","url":"https:\/\/ecolededesign.fr\/en\/legale-notices\/","name":"Legale notices - Ecole de design - Ecole Sup\u00e9rieure de Design de Troyes","isPartOf":{"@id":"https:\/\/ecolededesign.fr\/en\/#website"},"datePublished":"2019-11-11T16:18:16+00:00","dateModified":"2020-10-02T08:55:45+00:00","breadcrumb":{"@id":"https:\/\/ecolededesign.fr\/en\/legale-notices\/#breadcrumb"},"inLanguage":"en-US","potentialAction":[{"@type":"ReadAction","target":["https:\/\/ecolededesign.fr\/en\/legale-notices\/"]}]},{"@type":"BreadcrumbList","@id":"https:\/\/ecolededesign.fr\/en\/legale-notices\/#breadcrumb","itemListElement":[{"@type":"ListItem","position":1,"name":"Home","item":"https:\/\/ecolededesign.fr\/en\/"},{"@type":"ListItem","position":2,"name":"Legale notices"}]},{"@type":"WebSite","@id":"https:\/\/ecolededesign.fr\/en\/#website","url":"https:\/\/ecolededesign.fr\/en\/","name":"Ecole de design - Ecole Sup\u00e9rieure de Design de Troyes","description":"Devenir designer","publisher":{"@id":"https:\/\/ecolededesign.fr\/en\/#organization"},"potentialAction":[{"@type":"SearchAction","target":{"@type":"EntryPoint","urlTemplate":"https:\/\/ecolededesign.fr\/en\/?s={search_term_string}"},"query-input":{"@type":"PropertyValueSpecification","valueRequired":true,"valueName":"search_term_string"}}],"inLanguage":"en-US"},{"@type":"Organization","@id":"https:\/\/ecolededesign.fr\/en\/#organization","name":"Ecole Sup\u00e9rieur de Design","url":"https:\/\/ecolededesign.fr\/en\/","logo":{"@type":"ImageObject","inLanguage":"en-US","@id":"https:\/\/ecolededesign.fr\/en\/#\/schema\/logo\/image\/","url":"https:\/\/ecolededesign.fr\/wp-content\/uploads\/2019\/11\/logo-ecole-design-full@2x.png","contentUrl":"https:\/\/ecolededesign.fr\/wp-content\/uploads\/2019\/11\/logo-ecole-design-full@2x.png","width":364,"height":208,"caption":"Ecole Sup\u00e9rieur de Design"},"image":{"@id":"https:\/\/ecolededesign.fr\/en\/#\/schema\/logo\/image\/"},"sameAs":["https:\/\/www.facebook.com\/ecolesuperieuredesigntroyes\/"]}]}},"_links":{"self":[{"href":"https:\/\/ecolededesign.fr\/en\/wp-json\/wp\/v2\/pages\/9069","targetHints":{"allow":["GET"]}}],"collection":[{"href":"https:\/\/ecolededesign.fr\/en\/wp-json\/wp\/v2\/pages"}],"about":[{"href":"https:\/\/ecolededesign.fr\/en\/wp-json\/wp\/v2\/types\/page"}],"author":[{"embeddable":true,"href":"https:\/\/ecolededesign.fr\/en\/wp-json\/wp\/v2\/users\/1"}],"replies":[{"embeddable":true,"href":"https:\/\/ecolededesign.fr\/en\/wp-json\/wp\/v2\/comments?post=9069"}],"version-history":[{"count":2,"href":"https:\/\/ecolededesign.fr\/en\/wp-json\/wp\/v2\/pages\/9069\/revisions"}],"predecessor-version":[{"id":9071,"href":"https:\/\/ecolededesign.fr\/en\/wp-json\/wp\/v2\/pages\/9069\/revisions\/9071"}],"wp:attachment":[{"href":"https:\/\/ecolededesign.fr\/en\/wp-json\/wp\/v2\/media?parent=9069"}],"curies":[{"name":"wp","href":"https:\/\/api.w.org\/{rel}","templated":true}]}}